{"id":73,"date":"2016-06-14T06:15:58","date_gmt":"2016-06-14T06:15:58","guid":{"rendered":"http:\/\/sw-themes.com\/porto_dummy\/?page_id=73"},"modified":"2025-02-19T05:14:24","modified_gmt":"2025-02-19T04:14:24","slug":"contactanos","status":"publish","type":"page","link":"https:\/\/radio.descargalatina.cl\/latina\/contactanos\/","title":{"rendered":"Cont\u00e1ctanos"},"content":{"rendered":"<div class=\"wpb-content-wrapper\"><p>[vc_row wrap_container=\u00bbyes\u00bb el_class=\u00bbm-b-xl\u00bb][vc_column width=\u00bb1\/2&#8243;]\n<div class=\"wpcf7 no-js\" id=\"wpcf7-f74-o1\" lang=\"en-US\" dir=\"ltr\" data-wpcf7-id=\"74\">\n<div class=\"screen-reader-response\"><p role=\"status\" aria-live=\"polite\" aria-atomic=\"true\"><\/p> <ul><\/ul><\/div>\n<form action=\"\/latina\/wp-json\/wp\/v2\/pages\/73#wpcf7-f74-o1\" method=\"post\" class=\"wpcf7-form init\" aria-label=\"Contact form\" novalidate=\"novalidate\" data-status=\"init\">\n<fieldset class=\"hidden-fields-container\"><input type=\"hidden\" name=\"_wpcf7\" value=\"74\" \/><input type=\"hidden\" name=\"_wpcf7_version\" value=\"6.1.5\" \/><input type=\"hidden\" name=\"_wpcf7_locale\" value=\"en_US\" \/><input type=\"hidden\" name=\"_wpcf7_unit_tag\" value=\"wpcf7-f74-o1\" \/><input type=\"hidden\" name=\"_wpcf7_container_post\" value=\"0\" \/><input type=\"hidden\" name=\"_wpcf7_posted_data_hash\" value=\"\" \/>\n<\/fieldset>\n<h2 class=\"short mb-2\"><b>Siempre<\/b> en Contacto<\/h2>\n<p class=\"mb-5\">Escr\u00edbenos y te responderemos a la brevedad.!<\/p>\n<div class=\"row form-row\">\n    <div class=\"col-lg-6\">\n        <div class=\"form-group\">\n            <label for=\"contact-name\" class=\"font-weight-bold text-dark\">Tu Nombre *<\/label>\n            <span class=\"wpcf7-form-control-wrap\" data-name=\"your-name\"><input size=\"40\" maxlength=\"400\" class=\"wpcf7-form-control wpcf7-text wpcf7-validates-as-required form-control\" id=\"contact-name\" aria-required=\"true\" aria-invalid=\"false\" value=\"\" type=\"text\" name=\"your-name\" \/><\/span>\n        <\/div>\n    <\/div>\n    <div class=\"col-lg-6\">\n        <div class=\"form-group\">\n            <label for=\"contact-email\" class=\"font-weight-bold text-dark\">Tu Email *<\/label>\n            <span class=\"wpcf7-form-control-wrap\" data-name=\"your-email\"><input size=\"40\" maxlength=\"400\" class=\"wpcf7-form-control wpcf7-email wpcf7-validates-as-required wpcf7-text wpcf7-validates-as-email form-control\" id=\"contact-email\" aria-required=\"true\" aria-invalid=\"false\" value=\"\" type=\"email\" name=\"your-email\" \/><\/span>\n        <\/div>\n    <\/div>\n    <div class=\"col-lg-12\">\n        <div class=\"form-group\">\n            <label for=\"contact-subject\" class=\"font-weight-bold text-dark\">Asunto<\/label>\n            <span class=\"wpcf7-form-control-wrap\" data-name=\"your-subject\"><input size=\"40\" maxlength=\"400\" class=\"wpcf7-form-control wpcf7-text form-control\" id=\"contact-subject\" aria-invalid=\"false\" value=\"\" type=\"text\" name=\"your-subject\" \/><\/span>\n        <\/div>\n    <\/div>\n    <div class=\"col-lg-12\">\n        <div class=\"form-group\">\n            <label for=\"contact-message\" class=\"font-weight-bold text-dark\">Tu Mensaje<\/label>\n            <span class=\"wpcf7-form-control-wrap\" data-name=\"your-message\"><textarea cols=\"40\" rows=\"10\" maxlength=\"2000\" class=\"wpcf7-form-control wpcf7-textarea form-control\" id=\"contact-message\" aria-invalid=\"false\" name=\"your-message\"><\/textarea><\/span>\n        <\/div>\n    <\/div>\n    <div class=\"col-lg-12\">\n        <div class=\"form-group\">\n            <input class=\"wpcf7-form-control wpcf7-submit has-spinner btn btn-primary btn-modern\" type=\"submit\" value=\"Enviar\" \/>\n        <\/div>\n    <\/div>\n<\/div><p style=\"display: none !important;\" class=\"akismet-fields-container\" data-prefix=\"_wpcf7_ak_\"><label>&#916;<textarea name=\"_wpcf7_ak_hp_textarea\" cols=\"45\" rows=\"8\" maxlength=\"100\"><\/textarea><\/label><input type=\"hidden\" id=\"ak_js_1\" name=\"_wpcf7_ak_js\" value=\"31\"\/><script>document.getElementById( \"ak_js_1\" ).setAttribute( \"value\", ( new Date() ).getTime() );<\/script><\/p><div class=\"wpcf7-response-output\" aria-hidden=\"true\"><\/div>\n<\/form>\n<\/div>\n[\/vc_column][vc_column width=\u00bb1\/2&#8243; el_class=\u00bbinfo-box-small\u00bb][vc_custom_heading text=\u00bbNuestra <strong>Casona<\/strong>\u00bb font_container=\u00bbtag:h4|text_align:left\u00bb use_theme_fonts=\u00bbyes\u00bb skin=\u00bbdark\u00bb css_params=\u00bb\u00bb]<div class=\"porto-sicon-box  wpb_custom_991192e517ba80822b25b68bbbc51b14 style_1 default-icon\"><div class=\"porto-sicon-default\"><div class=\"porto-just-icon-wrapper porto-icon advanced\" style=\"color:#0088cc;border-style:solid;border-color:#0088cc;border-width:1px;width:25px;height:25px;line-height:25px;border-radius:25px;font-size:12px;\"><i class=\"fas fa-home\"><\/i><\/div><\/div><div class=\"porto-sicon-header\"><p><strong>Direcci\u00f3n:<\/strong> Calle C\u00f3ndor # 719, Santiago Centro, Santiago.<\/p><\/div> <!-- header --><\/div><!-- porto-sicon-box --><div class=\"porto-sicon-box  wpb_custom_991192e517ba80822b25b68bbbc51b14 style_1 default-icon\"><div class=\"porto-sicon-default\"><div class=\"porto-just-icon-wrapper porto-icon advanced\" style=\"color:#0088cc;border-style:solid;border-color:#0088cc;border-width:1px;width:25px;height:25px;line-height:25px;border-radius:25px;font-size:12px;\"><i class=\"fas fa-phone-volume\"><\/i><\/div><\/div><div class=\"porto-sicon-header\"><p><strong>Tel\u00e9fono<\/strong>: (569) 74453366<\/p><\/div> <!-- header --><\/div><!-- porto-sicon-box --><div class=\"porto-sicon-box  wpb_custom_991192e517ba80822b25b68bbbc51b14 style_1 default-icon\"><div class=\"porto-sicon-default\"><div class=\"porto-just-icon-wrapper porto-icon advanced\" style=\"color:#0088cc;border-style:solid;border-color:#0088cc;border-width:1px;width:25px;height:25px;line-height:25px;border-radius:25px;font-size:12px;\"><i class=\"fas fa-envelope\"><\/i><\/div><\/div><div class=\"porto-sicon-header\"><p><strong>Email<\/strong>: prensa@descargalatina.cl<\/p><\/div> <!-- header --><\/div><!-- porto-sicon-box -->[vc_custom_heading text=\u00bbHorario <strong>Atenci\u00f3n<\/strong>\u00bb font_container=\u00bbtag:h4|text_align:left\u00bb use_theme_fonts=\u00bbyes\u00bb skin=\u00bbdark\u00bb el_class=\u00bbmt-5&#8243; css_params=\u00bb\u00bb]<div class=\"porto-sicon-box  wpb_custom_991192e517ba80822b25b68bbbc51b14 style_1 default-icon\"><div class=\"porto-sicon-default\"><div class=\"porto-just-icon-wrapper porto-icon none\" style=\"font-size:14px;\"><i class=\"far fa-clock\"><\/i><\/div><\/div><div class=\"porto-sicon-header\"><p>Lunes a Viernes 10 am a 21 pm<\/p><\/div> <!-- header --><\/div><!-- porto-sicon-box --><div class=\"porto-sicon-box  wpb_custom_991192e517ba80822b25b68bbbc51b14 style_1 default-icon\"><div class=\"porto-sicon-default\"><div class=\"porto-just-icon-wrapper porto-icon none\" style=\"font-size:14px;\"><i class=\"far fa-clock\"><\/i><\/div><\/div><div class=\"porto-sicon-header\"><p>S\u00e1bados - 10 am a 4 pm<\/p><\/div> <!-- header --><\/div><!-- porto-sicon-box --><div class=\"porto-sicon-box  wpb_custom_991192e517ba80822b25b68bbbc51b14 style_1 default-icon\"><div class=\"porto-sicon-default\"><div class=\"porto-just-icon-wrapper porto-icon none\" style=\"font-size:14px;\"><i class=\"far fa-clock\"><\/i><\/div><\/div><div class=\"porto-sicon-header\"><p>Domingos - solo urgencias<\/p><\/div> <!-- header --><\/div><!-- porto-sicon-box -->[vc_custom_heading text=\u00bbSiempre en <strong>contacto<\/strong>\u00bb font_container=\u00bbtag:h4|text_align:left\u00bb use_theme_fonts=\u00bbyes\u00bb skin=\u00bbdark\u00bb el_class=\u00bbmt-5&#8243; css_params=\u00bb\u00bb][vc_column_text css=\u00bb\u00bb css_params=\u00bb\u00bb]<\/p>\n<p class=\"lead font-size-lg\">Por mas de 15 a\u00f1os hemos estado trabajando y apoyando a los talentos en Chile, un buen n\u00famero de personajes han pasado por nuestra sede, si necesitas asesor\u00eda, apoyo o simplemente contactarnos, puedes llenar este formulario, escribirnos o llamarnos, siempre respondemos.<\/p>\n<p>[\/vc_column_text][\/vc_column][\/vc_row][vc_row wrap_container=\u00bbyes\u00bb el_class=\u00bbcall-to-action-in-footer\u00bb css=\u00bb.vc_custom_1542186798701{background-color: #f7f7f7 !important;}\u00bb][vc_column][vc_cta h2=\u00bbUna nueva <b>Descarga<\/b> comienza y necesitamos de <b>talento nuevo<\/b> \u00fanete!\u00bb txt_align=\u00bbcenter\u00bb shape=\u00bbsquare\u00bb style=\u00bbflat\u00bb color=\u00bbwhite\u00bb add_button=\u00bbright\u00bb btn_title=\u00bbcontamos contigo.!!\u00bb btn_style=\u00bbmodern\u00bb btn_color=\u00bbprimary\u00bb btn_size=\u00bblg\u00bb btn_align=\u00bbcenter\u00bb btn_skin=\u00bbdark\u00bb btn_show_arrow=\u00bbyes\u00bb css=\u00bb.vc_custom_1739938436355{background-color: #f7f7f7 !important;}\u00bb btn_el_class=\u00bbbtn-call-to-action\u00bb el_class=\u00bbmb-0&#8243; css_params=\u00bb\u00bb]Estamos armando un nuevo equipo, periodistas, Djs, animadores, promotores.[\/vc_cta][\/vc_column][\/vc_row]<\/p>\n<\/div>","protected":false},"excerpt":{"rendered":"<p>[vc_row wrap_container=\u00bbyes\u00bb el_class=\u00bbm-b-xl\u00bb][vc_column width=\u00bb1\/2&#8243;][\/vc_column][vc_column width=\u00bb1\/2&#8243; el_class=\u00bbinfo-box-small\u00bb][vc_custom_heading text=\u00bbNuestra Casona\u00bb font_container=\u00bbtag:h4|text_align:left\u00bb use_theme_fonts=\u00bbyes\u00bb skin=\u00bbdark\u00bb css_params=\u00bb\u00bb][vc_custom_heading text=\u00bbHorario Atenci\u00f3n\u00bb font_container=\u00bbtag:h4|text_align:left\u00bb use_theme_fonts=\u00bbyes\u00bb skin=\u00bbdark\u00bb el_class=\u00bbmt-5&#8243; css_params=\u00bb\u00bb][vc_custom_heading text=\u00bbSiempre en contacto\u00bb font_container=\u00bbtag:h4|text_align:left\u00bb use_theme_fonts=\u00bbyes\u00bb skin=\u00bbdark\u00bb el_class=\u00bbmt-5&#8243; css_params=\u00bb\u00bb][vc_column_text css=\u00bb\u00bb css_params=\u00bb\u00bb] Por mas de 15 a\u00f1os hemos estado trabajando y apoyando a los talentos en Chile, un buen n\u00famero de personajes han pasado por nuestra sede, si [&hellip;]<\/p>\n","protected":false},"author":1,"featured_media":0,"parent":0,"menu_order":0,"comment_status":"closed","ping_status":"closed","template":"","meta":{"footnotes":""},"class_list":["post-73","page","type-page","status-publish","hentry"],"yoast_head":"<!-- This site is optimized with the Yoast SEO plugin v27.1.1 - https:\/\/yoast.com\/product\/yoast-seo-wordpress\/ -->\n<title>Cont\u00e1ctanos - Descargalatina.cl<\/title>\n<meta name=\"robots\" content=\"index, follow, max-snippet:-1, max-image-preview:large, max-video-preview:-1\" \/>\n<link rel=\"canonical\" href=\"https:\/\/radio.descargalatina.cl\/latina\/contactanos\/\" \/>\n<meta property=\"og:locale\" content=\"es_ES\" \/>\n<meta property=\"og:type\" content=\"article\" \/>\n<meta property=\"og:title\" content=\"Cont\u00e1ctanos - Descargalatina.cl\" \/>\n<meta property=\"og:description\" content=\"[vc_row wrap_container=\u00bbyes\u00bb el_class=\u00bbm-b-xl\u00bb][vc_column width=\u00bb1\/2&#8243;][\/vc_column][vc_column width=\u00bb1\/2&#8243; el_class=\u00bbinfo-box-small\u00bb][vc_custom_heading text=\u00bbNuestra Casona\u00bb font_container=\u00bbtag:h4|text_align:left\u00bb use_theme_fonts=\u00bbyes\u00bb skin=\u00bbdark\u00bb css_params=\u00bb\u00bb][vc_custom_heading text=\u00bbHorario Atenci\u00f3n\u00bb font_container=\u00bbtag:h4|text_align:left\u00bb use_theme_fonts=\u00bbyes\u00bb skin=\u00bbdark\u00bb el_class=\u00bbmt-5&#8243; css_params=\u00bb\u00bb][vc_custom_heading text=\u00bbSiempre en contacto\u00bb font_container=\u00bbtag:h4|text_align:left\u00bb use_theme_fonts=\u00bbyes\u00bb skin=\u00bbdark\u00bb el_class=\u00bbmt-5&#8243; css_params=\u00bb\u00bb][vc_column_text css=\u00bb\u00bb css_params=\u00bb\u00bb] Por mas de 15 a\u00f1os hemos estado trabajando y apoyando a los talentos en Chile, un buen n\u00famero de personajes han pasado por nuestra sede, si [&hellip;]\" \/>\n<meta property=\"og:url\" content=\"https:\/\/radio.descargalatina.cl\/latina\/contactanos\/\" \/>\n<meta property=\"og:site_name\" content=\"Descargalatina.cl\" \/>\n<meta property=\"article:modified_time\" content=\"2025-02-19T04:14:24+00:00\" \/>\n<meta name=\"twitter:card\" content=\"summary_large_image\" \/>\n<meta name=\"twitter:label1\" content=\"Tiempo de lectura\" \/>\n\t<meta name=\"twitter:data1\" content=\"2 minutos\" \/>\n<script type=\"application\/ld+json\" class=\"yoast-schema-graph\">{\"@context\":\"https:\/\/schema.org\",\"@graph\":[{\"@type\":\"WebPage\",\"@id\":\"https:\/\/radio.descargalatina.cl\/latina\/contactanos\/\",\"url\":\"https:\/\/radio.descargalatina.cl\/latina\/contactanos\/\",\"name\":\"Cont\u00e1ctanos - Descargalatina.cl\",\"isPartOf\":{\"@id\":\"https:\/\/radio.descargalatina.cl\/latina\/#website\"},\"datePublished\":\"2016-06-14T06:15:58+00:00\",\"dateModified\":\"2025-02-19T04:14:24+00:00\",\"breadcrumb\":{\"@id\":\"https:\/\/radio.descargalatina.cl\/latina\/contactanos\/#breadcrumb\"},\"inLanguage\":\"es\",\"potentialAction\":[{\"@type\":\"ReadAction\",\"target\":[\"https:\/\/radio.descargalatina.cl\/latina\/contactanos\/\"]}]},{\"@type\":\"BreadcrumbList\",\"@id\":\"https:\/\/radio.descargalatina.cl\/latina\/contactanos\/#breadcrumb\",\"itemListElement\":[{\"@type\":\"ListItem\",\"position\":1,\"name\":\"Portada\",\"item\":\"https:\/\/radio.descargalatina.cl\/latina\/\"},{\"@type\":\"ListItem\",\"position\":2,\"name\":\"Cont\u00e1ctanos\"}]},{\"@type\":\"WebSite\",\"@id\":\"https:\/\/radio.descargalatina.cl\/latina\/#website\",\"url\":\"https:\/\/radio.descargalatina.cl\/latina\/\",\"name\":\"Descargalatina.cl 2025\",\"description\":\"el portal radio de m\u00fasica latina en Chile.\",\"publisher\":{\"@id\":\"https:\/\/radio.descargalatina.cl\/latina\/#\/schema\/person\/556e3fed329a665452898b34c88bfe06\"},\"potentialAction\":[{\"@type\":\"SearchAction\",\"target\":{\"@type\":\"EntryPoint\",\"urlTemplate\":\"https:\/\/radio.descargalatina.cl\/latina\/?s={search_term_string}\"},\"query-input\":{\"@type\":\"PropertyValueSpecification\",\"valueRequired\":true,\"valueName\":\"search_term_string\"}}],\"inLanguage\":\"es\"},{\"@type\":[\"Person\",\"Organization\"],\"@id\":\"https:\/\/radio.descargalatina.cl\/latina\/#\/schema\/person\/556e3fed329a665452898b34c88bfe06\",\"name\":\"jonnmerino@gmail.com\",\"logo\":{\"@id\":\"https:\/\/radio.descargalatina.cl\/latina\/#\/schema\/person\/image\/\"},\"sameAs\":[\"https:\/\/radio.descargalatina.cl\/latina\"]}]}<\/script>\n<!-- \/ Yoast SEO plugin. -->","yoast_head_json":{"title":"Cont\u00e1ctanos - Descargalatina.cl","robots":{"index":"index","follow":"follow","max-snippet":"max-snippet:-1","max-image-preview":"max-image-preview:large","max-video-preview":"max-video-preview:-1"},"canonical":"https:\/\/radio.descargalatina.cl\/latina\/contactanos\/","og_locale":"es_ES","og_type":"article","og_title":"Cont\u00e1ctanos - Descargalatina.cl","og_description":"[vc_row wrap_container=\u00bbyes\u00bb el_class=\u00bbm-b-xl\u00bb][vc_column width=\u00bb1\/2&#8243;][\/vc_column][vc_column width=\u00bb1\/2&#8243; el_class=\u00bbinfo-box-small\u00bb][vc_custom_heading text=\u00bbNuestra Casona\u00bb font_container=\u00bbtag:h4|text_align:left\u00bb use_theme_fonts=\u00bbyes\u00bb skin=\u00bbdark\u00bb css_params=\u00bb\u00bb][vc_custom_heading text=\u00bbHorario Atenci\u00f3n\u00bb font_container=\u00bbtag:h4|text_align:left\u00bb use_theme_fonts=\u00bbyes\u00bb skin=\u00bbdark\u00bb el_class=\u00bbmt-5&#8243; css_params=\u00bb\u00bb][vc_custom_heading text=\u00bbSiempre en contacto\u00bb font_container=\u00bbtag:h4|text_align:left\u00bb use_theme_fonts=\u00bbyes\u00bb skin=\u00bbdark\u00bb el_class=\u00bbmt-5&#8243; css_params=\u00bb\u00bb][vc_column_text css=\u00bb\u00bb css_params=\u00bb\u00bb] Por mas de 15 a\u00f1os hemos estado trabajando y apoyando a los talentos en Chile, un buen n\u00famero de personajes han pasado por nuestra sede, si [&hellip;]","og_url":"https:\/\/radio.descargalatina.cl\/latina\/contactanos\/","og_site_name":"Descargalatina.cl","article_modified_time":"2025-02-19T04:14:24+00:00","twitter_card":"summary_large_image","twitter_misc":{"Tiempo de lectura":"2 minutos"},"schema":{"@context":"https:\/\/schema.org","@graph":[{"@type":"WebPage","@id":"https:\/\/radio.descargalatina.cl\/latina\/contactanos\/","url":"https:\/\/radio.descargalatina.cl\/latina\/contactanos\/","name":"Cont\u00e1ctanos - Descargalatina.cl","isPartOf":{"@id":"https:\/\/radio.descargalatina.cl\/latina\/#website"},"datePublished":"2016-06-14T06:15:58+00:00","dateModified":"2025-02-19T04:14:24+00:00","breadcrumb":{"@id":"https:\/\/radio.descargalatina.cl\/latina\/contactanos\/#breadcrumb"},"inLanguage":"es","potentialAction":[{"@type":"ReadAction","target":["https:\/\/radio.descargalatina.cl\/latina\/contactanos\/"]}]},{"@type":"BreadcrumbList","@id":"https:\/\/radio.descargalatina.cl\/latina\/contactanos\/#breadcrumb","itemListElement":[{"@type":"ListItem","position":1,"name":"Portada","item":"https:\/\/radio.descargalatina.cl\/latina\/"},{"@type":"ListItem","position":2,"name":"Cont\u00e1ctanos"}]},{"@type":"WebSite","@id":"https:\/\/radio.descargalatina.cl\/latina\/#website","url":"https:\/\/radio.descargalatina.cl\/latina\/","name":"Descargalatina.cl 2025","description":"el portal radio de m\u00fasica latina en Chile.","publisher":{"@id":"https:\/\/radio.descargalatina.cl\/latina\/#\/schema\/person\/556e3fed329a665452898b34c88bfe06"},"potentialAction":[{"@type":"SearchAction","target":{"@type":"EntryPoint","urlTemplate":"https:\/\/radio.descargalatina.cl\/latina\/?s={search_term_string}"},"query-input":{"@type":"PropertyValueSpecification","valueRequired":true,"valueName":"search_term_string"}}],"inLanguage":"es"},{"@type":["Person","Organization"],"@id":"https:\/\/radio.descargalatina.cl\/latina\/#\/schema\/person\/556e3fed329a665452898b34c88bfe06","name":"jonnmerino@gmail.com","logo":{"@id":"https:\/\/radio.descargalatina.cl\/latina\/#\/schema\/person\/image\/"},"sameAs":["https:\/\/radio.descargalatina.cl\/latina"]}]}},"_links":{"self":[{"href":"https:\/\/radio.descargalatina.cl\/latina\/wp-json\/wp\/v2\/pages\/73","targetHints":{"allow":["GET"]}}],"collection":[{"href":"https:\/\/radio.descargalatina.cl\/latina\/wp-json\/wp\/v2\/pages"}],"about":[{"href":"https:\/\/radio.descargalatina.cl\/latina\/wp-json\/wp\/v2\/types\/page"}],"author":[{"embeddable":true,"href":"https:\/\/radio.descargalatina.cl\/latina\/wp-json\/wp\/v2\/users\/1"}],"replies":[{"embeddable":true,"href":"https:\/\/radio.descargalatina.cl\/latina\/wp-json\/wp\/v2\/comments?post=73"}],"version-history":[{"count":12,"href":"https:\/\/radio.descargalatina.cl\/latina\/wp-json\/wp\/v2\/pages\/73\/revisions"}],"predecessor-version":[{"id":2836,"href":"https:\/\/radio.descargalatina.cl\/latina\/wp-json\/wp\/v2\/pages\/73\/revisions\/2836"}],"wp:attachment":[{"href":"https:\/\/radio.descargalatina.cl\/latina\/wp-json\/wp\/v2\/media?parent=73"}],"curies":[{"name":"wp","href":"https:\/\/api.w.org\/{rel}","templated":true}]}}